{"id":9045,"date":"2023-02-27T17:35:58","date_gmt":"2023-02-27T20:35:58","guid":{"rendered":"https:\/\/movenord.com.br\/catalogo\/?post_type=product&#038;p=9045"},"modified":"2023-12-14T11:09:06","modified_gmt":"2023-12-14T14:09:06","slug":"escrivaninha-gamer-premium","status":"publish","type":"product","link":"https:\/\/movenord.com.br\/catalogo\/produto\/escrivaninha-gamer-premium\/","title":{"rendered":"Escrivaninha Gamer Premium"},"content":{"rendered":"[vc_row type=&#8221;in_container&#8221; full_screen_row_position=&#8221;middle&#8221; column_margin=&#8221;20px&#8221; column_direction=&#8221;default&#8221; column_direction_tablet=&#8221;default&#8221; column_direction_phone=&#8221;default&#8221; scene_position=&#8221;center&#8221; text_color=&#8221;dark&#8221; text_align=&#8221;left&#8221; row_border_radius=&#8221;none&#8221; row_border_radius_applies=&#8221;bg&#8221; overflow=&#8221;visible&#8221; overlay_strength=&#8221;0.3&#8243; gradient_direction=&#8221;left_to_right&#8221; shape_divider_position=&#8221;bottom&#8221; bg_image_animation=&#8221;none&#8221; gradient_type=&#8221;default&#8221; shape_type=&#8221;&#8221;][vc_column column_padding=&#8221;no-extra-padding&#8221; column_padding_tablet=&#8221;inherit&#8221; column_padding_phone=&#8221;inherit&#8221; column_padding_position=&#8221;all&#8221; column_element_direction_desktop=&#8221;default&#8221; column_element_spacing=&#8221;default&#8221; desktop_text_alignment=&#8221;default&#8221; tablet_text_alignment=&#8221;default&#8221; phone_text_alignment=&#8221;default&#8221; background_color_opacity=&#8221;1&#8243; background_hover_color_opacity=&#8221;1&#8243; column_backdrop_filter=&#8221;none&#8221; column_shadow=&#8221;none&#8221; column_border_radius=&#8221;none&#8221; column_link_target=&#8221;_self&#8221; column_position=&#8221;default&#8221; gradient_direction=&#8221;left_to_right&#8221; overlay_strength=&#8221;0.3&#8243; width=&#8221;1\/2&#8243; tablet_width_inherit=&#8221;default&#8221; animation_type=&#8221;default&#8221; bg_image_animation=&#8221;none&#8221; border_type=&#8221;simple&#8221; column_border_width=&#8221;none&#8221; column_border_style=&#8221;solid&#8221;][vc_row_inner column_margin=&#8221;default&#8221; column_direction=&#8221;default&#8221; column_direction_tablet=&#8221;default&#8221; column_direction_phone=&#8221;default&#8221; text_align=&#8221;left&#8221; row_position=&#8221;default&#8221; row_position_tablet=&#8221;inherit&#8221; row_position_phone=&#8221;inherit&#8221; overflow=&#8221;visible&#8221; pointer_events=&#8221;all&#8221;][vc_column_inner column_padding=&#8221;no-extra-padding&#8221; column_padding_tablet=&#8221;inherit&#8221; column_padding_phone=&#8221;inherit&#8221; column_padding_position=&#8221;all&#8221; column_element_direction_desktop=&#8221;default&#8221; column_element_spacing=&#8221;default&#8221; desktop_text_alignment=&#8221;default&#8221; tablet_text_alignment=&#8221;default&#8221; phone_text_alignment=&#8221;default&#8221; background_color_opacity=&#8221;1&#8243; background_hover_color_opacity=&#8221;1&#8243; column_backdrop_filter=&#8221;none&#8221; column_shadow=&#8221;none&#8221; column_border_radius=&#8221;none&#8221; column_link_target=&#8221;_self&#8221; overflow=&#8221;visible&#8221; gradient_direction=&#8221;left_to_right&#8221; overlay_strength=&#8221;0.3&#8243; width=&#8221;5\/6&#8243; tablet_width_inherit=&#8221;default&#8221; animation_type=&#8221;default&#8221; bg_image_animation=&#8221;none&#8221; border_type=&#8221;simple&#8221; column_border_width=&#8221;none&#8221; column_border_style=&#8221;solid&#8221;][image_with_animation image_url=&#8221;9050&#8243; image_size=&#8221;full&#8221; animation_type=&#8221;entrance&#8221; animation=&#8221;None&#8221; animation_movement_type=&#8221;transform_y&#8221; hover_animation=&#8221;none&#8221; alignment=&#8221;&#8221; border_radius=&#8221;none&#8221; box_shadow=&#8221;none&#8221; image_loading=&#8221;default&#8221; max_width=&#8221;100%&#8221; max_width_mobile=&#8221;default&#8221;][\/vc_column_inner][vc_column_inner column_padding=&#8221;no-extra-padding&#8221; column_padding_tablet=&#8221;inherit&#8221; column_padding_phone=&#8221;inherit&#8221; column_padding_position=&#8221;all&#8221; column_element_direction_desktop=&#8221;default&#8221; column_element_spacing=&#8221;default&#8221; desktop_text_alignment=&#8221;default&#8221; tablet_text_alignment=&#8221;default&#8221; phone_text_alignment=&#8221;default&#8221; background_color_opacity=&#8221;1&#8243; background_hover_color_opacity=&#8221;1&#8243; column_backdrop_filter=&#8221;none&#8221; column_shadow=&#8221;none&#8221; column_border_radius=&#8221;none&#8221; column_link_target=&#8221;_self&#8221; overflow=&#8221;visible&#8221; gradient_direction=&#8221;left_to_right&#8221; overlay_strength=&#8221;0.3&#8243; width=&#8221;1\/6&#8243; tablet_width_inherit=&#8221;default&#8221; animation_type=&#8221;default&#8221; bg_image_animation=&#8221;none&#8221; border_type=&#8221;simple&#8221; column_border_width=&#8221;none&#8221; column_border_style=&#8221;solid&#8221;][\/vc_column_inner][\/vc_row_inner][\/vc_column][vc_column column_padding=&#8221;no-extra-padding&#8221; column_padding_tablet=&#8221;inherit&#8221; column_padding_phone=&#8221;inherit&#8221; column_padding_position=&#8221;all&#8221; column_element_direction_desktop=&#8221;default&#8221; column_element_spacing=&#8221;default&#8221; desktop_text_alignment=&#8221;default&#8221; tablet_text_alignment=&#8221;default&#8221; phone_text_alignment=&#8221;default&#8221; background_color_opacity=&#8221;1&#8243; background_hover_color_opacity=&#8221;1&#8243; column_backdrop_filter=&#8221;none&#8221; column_shadow=&#8221;none&#8221; column_border_radius=&#8221;none&#8221; column_link_target=&#8221;_self&#8221; column_position=&#8221;default&#8221; gradient_direction=&#8221;left_to_right&#8221; overlay_strength=&#8221;0.3&#8243; width=&#8221;1\/2&#8243; tablet_width_inherit=&#8221;default&#8221; animation_type=&#8221;default&#8221; bg_image_animation=&#8221;none&#8221; border_type=&#8221;simple&#8221; column_border_width=&#8221;none&#8221; column_border_style=&#8221;solid&#8221;][vc_column_text]\n<h3><span style=\"color: #000000; font-size: 28px;\">Caracter\u00edsticas do Produto<\/span><\/h3>\n[\/vc_column_text][divider line_type=&#8221;No Line&#8221; custom_height=&#8221;30px&#8221;][vc_column_text]Material<\/p>\n<p>MDP com revestimento melam\u00ednico Premium<\/p>\n<p>Tampo com chapa de 15mm de espessura<\/p>\n<p>Estrutura em a\u00e7o carbono revestido com pintura eletrost\u00e1tica<\/p>\n<p>Benef\u00edcios<\/p>\n<p>Pode ser montada em ambos os lados<\/p>\n<p>P\u00e9s niveladores regul\u00e1veis aos desn\u00edveis do piso<\/p>\n<p>Dimens\u00f5es Dispon\u00edveis<\/p>\n<p>(Largura x Comprimento x Altura)<\/p>\n<p>60cm x 140cm x 85,5cm[\/vc_column_text][\/vc_column][\/vc_row]\n","protected":false},"excerpt":{"rendered":"<p>Se voc\u00ea \u00e9 um amante de jogos e quer levar sua experi\u00eancia de jogabilidade para o pr\u00f3ximo n\u00edvel, a Mesa Gamer para Jogadores com Acabamento Premium em MDP tipo Exporta\u00e7\u00e3o \u00e9 a escolha certa para voc\u00ea. Com medidas de 1,40m x 0,60m x 0,85m em MDP 15mm, este produto oferece a durabilidade e resist\u00eancia necess\u00e1rias para suportar horas intermin\u00e1veis de jogos intensos.<br \/>\nAl\u00e9m disso, a mesa gamer possui revestimento em ambas as faces e acabamento com fitas de borda em PVC NEON, o que lhe confere um visual moderno e elegante, capaz de deixar qualquer ambiente de jogos ainda mais incr\u00edvel. Esses detalhes de acabamento mostram o cuidado que a Movenord, uma das mais modernas e bem conceituadas ind\u00fastrias de m\u00f3veis do Nordeste, teve em cada etapa do processo de fabrica\u00e7\u00e3o deste produto.<br \/>\nA Mesa Gamer \u00e9 entregue desmontada, com kit de ferragens e manual de instru\u00e7\u00f5es de montagem incluso. A montagem \u00e9 simples e requer apenas uma pessoa, permitindo que voc\u00ea possa ter sua mesa de jogos pronta para uso em pouco tempo.<\/p>\n<div class=\"wpb_wrapper\"><a class=\"nectar-button large regular accent-color regular-button\" style=\"color: #ffffff; visibility: visible; margin-bottom: 15%;\" href=\"https:\/\/movenord.com.br\/catalogo\/wp-content\/uploads\/2023\/02\/Manual-Montagem-Gamer-Premium-M.pdf\" target=\"_blank\" rel=\"noopener\" data-color-override=\"false\" data-hover-color-override=\"false\" data-hover-text-color-override=\"#fff\">Veja o manual do produto<\/a><\/div>\n","protected":false},"featured_media":9051,"template":"","meta":[],"pwb-brand":[113],"product_brand":[],"product_cat":[93,117],"product_tag":[],"class_list":{"0":"post-9045","1":"product","2":"type-product","3":"status-publish","4":"has-post-thumbnail","6":"pwb-brand-moveis-seriados","7":"product_cat-escrivaninhas","8":"product_cat-gamer","9":"pa_cor-azul","10":"pa_cor-branco","11":"pa_cor-verde","12":"pa_cor-vermelho","14":"first","15":"instock","16":"shipping-taxable","17":"product-type-simple"},"brands":[{"id":113,"name":"M\u00f3veis Seriados","slug":"moveis-seriados"}],"_links":{"self":[{"href":"https:\/\/movenord.com.br\/catalogo\/wp-json\/wp\/v2\/product\/9045","targetHints":{"allow":["GET"]}}],"collection":[{"href":"https:\/\/movenord.com.br\/catalogo\/wp-json\/wp\/v2\/product"}],"about":[{"href":"https:\/\/movenord.com.br\/catalogo\/wp-json\/wp\/v2\/types\/product"}],"wp:featuredmedia":[{"embeddable":true,"href":"https:\/\/movenord.com.br\/catalogo\/wp-json\/wp\/v2\/media\/9051"}],"wp:attachment":[{"href":"https:\/\/movenord.com.br\/catalogo\/wp-json\/wp\/v2\/media?parent=9045"}],"wp:term":[{"taxonomy":"pwb-brand","embeddable":true,"href":"https:\/\/movenord.com.br\/catalogo\/wp-json\/wp\/v2\/pwb-brand?post=9045"},{"taxonomy":"product_brand","embeddable":true,"href":"https:\/\/movenord.com.br\/catalogo\/wp-json\/wp\/v2\/product_brand?post=9045"},{"taxonomy":"product_cat","embeddable":true,"href":"https:\/\/movenord.com.br\/catalogo\/wp-json\/wp\/v2\/product_cat?post=9045"},{"taxonomy":"product_tag","embeddable":true,"href":"https:\/\/movenord.com.br\/catalogo\/wp-json\/wp\/v2\/product_tag?post=9045"}],"curies":[{"name":"wp","href":"https:\/\/api.w.org\/{rel}","templated":true}]}}