{"id":5522,"date":"2023-01-23T18:39:56","date_gmt":"2023-01-23T21:39:56","guid":{"rendered":"https:\/\/movenord.com.br\/?post_type=product&#038;p=5522"},"modified":"2023-12-14T11:02:18","modified_gmt":"2023-12-14T14:02:18","slug":"escrivaninha-smart-full","status":"publish","type":"product","link":"https:\/\/movenord.com.br\/catalogo\/produto\/escrivaninha-smart-full\/","title":{"rendered":"Escrivaninha de Canto (em L)"},"content":{"rendered":"[vc_row type=&#8221;in_container&#8221; full_screen_row_position=&#8221;middle&#8221; column_margin=&#8221;20px&#8221; column_direction=&#8221;default&#8221; column_direction_tablet=&#8221;default&#8221; column_direction_phone=&#8221;default&#8221; scene_position=&#8221;center&#8221; text_color=&#8221;dark&#8221; text_align=&#8221;left&#8221; row_border_radius=&#8221;none&#8221; row_border_radius_applies=&#8221;bg&#8221; overflow=&#8221;visible&#8221; overlay_strength=&#8221;0.3&#8243; gradient_direction=&#8221;left_to_right&#8221; shape_divider_position=&#8221;bottom&#8221; bg_image_animation=&#8221;none&#8221; gradient_type=&#8221;default&#8221; shape_type=&#8221;&#8221;][vc_column column_padding=&#8221;no-extra-padding&#8221; column_padding_tablet=&#8221;inherit&#8221; column_padding_phone=&#8221;inherit&#8221; column_padding_position=&#8221;all&#8221; column_element_direction_desktop=&#8221;default&#8221; column_element_spacing=&#8221;default&#8221; desktop_text_alignment=&#8221;default&#8221; tablet_text_alignment=&#8221;default&#8221; phone_text_alignment=&#8221;default&#8221; background_color_opacity=&#8221;1&#8243; background_hover_color_opacity=&#8221;1&#8243; column_backdrop_filter=&#8221;none&#8221; column_shadow=&#8221;none&#8221; column_border_radius=&#8221;none&#8221; column_link_target=&#8221;_self&#8221; column_position=&#8221;default&#8221; gradient_direction=&#8221;left_to_right&#8221; overlay_strength=&#8221;0.3&#8243; width=&#8221;1\/2&#8243; tablet_width_inherit=&#8221;default&#8221; animation_type=&#8221;default&#8221; bg_image_animation=&#8221;none&#8221; border_type=&#8221;simple&#8221; column_border_width=&#8221;none&#8221; column_border_style=&#8221;solid&#8221;][vc_row_inner column_margin=&#8221;default&#8221; column_direction=&#8221;default&#8221; column_direction_tablet=&#8221;default&#8221; column_direction_phone=&#8221;default&#8221; text_align=&#8221;left&#8221; row_position=&#8221;default&#8221; row_position_tablet=&#8221;inherit&#8221; row_position_phone=&#8221;inherit&#8221; overflow=&#8221;visible&#8221; pointer_events=&#8221;all&#8221;][vc_column_inner column_padding=&#8221;no-extra-padding&#8221; column_padding_tablet=&#8221;inherit&#8221; column_padding_phone=&#8221;inherit&#8221; column_padding_position=&#8221;all&#8221; column_element_direction_desktop=&#8221;default&#8221; column_element_spacing=&#8221;default&#8221; desktop_text_alignment=&#8221;default&#8221; tablet_text_alignment=&#8221;default&#8221; phone_text_alignment=&#8221;default&#8221; background_color_opacity=&#8221;1&#8243; background_hover_color_opacity=&#8221;1&#8243; column_backdrop_filter=&#8221;none&#8221; column_shadow=&#8221;none&#8221; column_border_radius=&#8221;none&#8221; column_link_target=&#8221;_self&#8221; overflow=&#8221;visible&#8221; gradient_direction=&#8221;left_to_right&#8221; overlay_strength=&#8221;0.3&#8243; width=&#8221;5\/6&#8243; tablet_width_inherit=&#8221;default&#8221; animation_type=&#8221;default&#8221; bg_image_animation=&#8221;none&#8221; border_type=&#8221;simple&#8221; column_border_width=&#8221;none&#8221; column_border_style=&#8221;solid&#8221;][vc_gallery type=&#8221;image_grid&#8221; images=&#8221;8221,8220,8219,8218,8217&#8243; image_grid_loading=&#8221;default&#8221; layout=&#8221;2&#8243; item_spacing=&#8221;default&#8221; gallery_style=&#8221;7&#8243; load_in_animation=&#8221;none&#8221;][\/vc_column_inner][vc_column_inner column_padding=&#8221;no-extra-padding&#8221; column_padding_tablet=&#8221;inherit&#8221; column_padding_phone=&#8221;inherit&#8221; column_padding_position=&#8221;all&#8221; column_element_direction_desktop=&#8221;default&#8221; column_element_spacing=&#8221;default&#8221; desktop_text_alignment=&#8221;default&#8221; tablet_text_alignment=&#8221;default&#8221; phone_text_alignment=&#8221;default&#8221; background_color_opacity=&#8221;1&#8243; background_hover_color_opacity=&#8221;1&#8243; column_backdrop_filter=&#8221;none&#8221; column_shadow=&#8221;none&#8221; column_border_radius=&#8221;none&#8221; column_link_target=&#8221;_self&#8221; overflow=&#8221;visible&#8221; gradient_direction=&#8221;left_to_right&#8221; overlay_strength=&#8221;0.3&#8243; width=&#8221;1\/6&#8243; tablet_width_inherit=&#8221;default&#8221; animation_type=&#8221;default&#8221; bg_image_animation=&#8221;none&#8221; border_type=&#8221;simple&#8221; column_border_width=&#8221;none&#8221; column_border_style=&#8221;solid&#8221;][\/vc_column_inner][\/vc_row_inner][\/vc_column][vc_column column_padding=&#8221;no-extra-padding&#8221; column_padding_tablet=&#8221;inherit&#8221; column_padding_phone=&#8221;inherit&#8221; column_padding_position=&#8221;all&#8221; column_element_direction_desktop=&#8221;default&#8221; column_element_spacing=&#8221;default&#8221; desktop_text_alignment=&#8221;default&#8221; tablet_text_alignment=&#8221;default&#8221; phone_text_alignment=&#8221;default&#8221; background_color_opacity=&#8221;1&#8243; background_hover_color_opacity=&#8221;1&#8243; column_backdrop_filter=&#8221;none&#8221; column_shadow=&#8221;none&#8221; column_border_radius=&#8221;none&#8221; column_link_target=&#8221;_self&#8221; column_position=&#8221;default&#8221; gradient_direction=&#8221;left_to_right&#8221; overlay_strength=&#8221;0.3&#8243; width=&#8221;1\/2&#8243; tablet_width_inherit=&#8221;default&#8221; animation_type=&#8221;default&#8221; bg_image_animation=&#8221;none&#8221; border_type=&#8221;simple&#8221; column_border_width=&#8221;none&#8221; column_border_style=&#8221;solid&#8221;][vc_column_text]\n<h3><span style=\"color: #000000; font-size: 28px;\">Caracter\u00edsticas do Produto<\/span><\/h3>\n[\/vc_column_text][divider line_type=&#8221;No Line&#8221; custom_height=&#8221;30px&#8221;][vc_column_text]Material<\/p>\n<p>MDP com revestimento melam\u00ednico Premium<\/p>\n<p>Tampo com chapa de 15mm de espessura<\/p>\n<p>Estrutura em a\u00e7o carbono revestido com pintura eletrost\u00e1tica<\/p>\n<p>Benef\u00edcios<\/p>\n<p>Pode ser montada em ambos os lados<\/p>\n<p>P\u00e9s niveladores regul\u00e1veis aos desn\u00edveis do piso<\/p>\n<p>Dimens\u00f5es Dispon\u00edveis<\/p>\n<p>(Largura x Comprimento x Altura)<\/p>\n<p>135cm x 100cm x 74cm<\/p>\n<p>135cm x 105cm x 74cm<\/p>\n<p>135cm x 135cm x 74cm<\/p>\n<p>150cm x 100cm x 74cm<\/p>\n<p>150cm x 135cm x 74cm[\/vc_column_text][\/vc_column][\/vc_row]\n","protected":false},"excerpt":{"rendered":"<p>Mesa Escrivaninha Gamer no formato de L no tamanho de 105cm x 135cm com tampo em MDP com revestimento melam\u00ednico premium de alta resist\u00eancia. Base em a\u00e7o carbono com tratamento antiferrugem e pintura eletrost\u00e1tica.<\/p>\n<div class=\"wpb_wrapper\"><a class=\"nectar-button large regular accent-color regular-button\" style=\"color: #ffffff; visibility: visible; margin-bottom: 15%;\" href=\"https:\/\/movenord.com.br\/catalogo\/wp-content\/uploads\/2023\/03\/Manual-Montagem-Mesa-L-Smart.pdf\" target=\"_blank\" rel=\"noopener\" data-color-override=\"false\" data-hover-color-override=\"false\" data-hover-text-color-override=\"#fff\">Veja o manual do produto<\/a><\/div>\n","protected":false},"featured_media":8709,"template":"","meta":[],"pwb-brand":[113],"product_brand":[],"product_cat":[114,93],"product_tag":[],"class_list":{"0":"post-5522","1":"product","2":"type-product","3":"status-publish","4":"has-post-thumbnail","6":"pwb-brand-moveis-seriados","7":"product_cat-de-canto","8":"product_cat-escrivaninhas","9":"pa_cor-argila","10":"pa_cor-aveiro-oak","11":"pa_cor-carvalho-evora","12":"pa_cor-carvalho-munique","13":"pa_cor-champ-off-white","14":"pa_cor-cristal","15":"pa_cor-freixo","16":"pa_cor-fume","17":"pa_cor-lamina-mel","18":"pa_cor-lunar","19":"pa_cor-mint","20":"pa_cor-preto-2","21":"pa_cor-preto","22":"pa_cor-rovere-sereno","23":"pa_cor-ultramarino","24":"pa_estrutura-argila","25":"pa_estrutura-preto","27":"first","28":"instock","29":"shipping-taxable","30":"product-type-simple"},"brands":[{"id":113,"name":"M\u00f3veis Seriados","slug":"moveis-seriados"}],"_links":{"self":[{"href":"https:\/\/movenord.com.br\/catalogo\/wp-json\/wp\/v2\/product\/5522","targetHints":{"allow":["GET"]}}],"collection":[{"href":"https:\/\/movenord.com.br\/catalogo\/wp-json\/wp\/v2\/product"}],"about":[{"href":"https:\/\/movenord.com.br\/catalogo\/wp-json\/wp\/v2\/types\/product"}],"wp:featuredmedia":[{"embeddable":true,"href":"https:\/\/movenord.com.br\/catalogo\/wp-json\/wp\/v2\/media\/8709"}],"wp:attachment":[{"href":"https:\/\/movenord.com.br\/catalogo\/wp-json\/wp\/v2\/media?parent=5522"}],"wp:term":[{"taxonomy":"pwb-brand","embeddable":true,"href":"https:\/\/movenord.com.br\/catalogo\/wp-json\/wp\/v2\/pwb-brand?post=5522"},{"taxonomy":"product_brand","embeddable":true,"href":"https:\/\/movenord.com.br\/catalogo\/wp-json\/wp\/v2\/product_brand?post=5522"},{"taxonomy":"product_cat","embeddable":true,"href":"https:\/\/movenord.com.br\/catalogo\/wp-json\/wp\/v2\/product_cat?post=5522"},{"taxonomy":"product_tag","embeddable":true,"href":"https:\/\/movenord.com.br\/catalogo\/wp-json\/wp\/v2\/product_tag?post=5522"}],"curies":[{"name":"wp","href":"https:\/\/api.w.org\/{rel}","templated":true}]}}